{"id":22,"date":"2025-06-08T20:04:40","date_gmt":"2025-06-08T18:04:40","guid":{"rendered":"https:\/\/www.hookook.com\/?page_id=22"},"modified":"2025-06-08T22:31:16","modified_gmt":"2025-06-08T20:31:16","slug":"accueil","status":"publish","type":"page","link":"https:\/\/www.hookook.com\/","title":{"rendered":"Accueil"},"content":{"rendered":"\t\t<div data-elementor-type=\"wp-page\" data-elementor-id=\"22\" class=\"elementor elementor-22\">\n\t\t\t\t<div class=\"elementor-element elementor-element-53871ef e-con-full e-flex e-con e-parent\" data-id=\"53871ef\" data-element_type=\"container\" data-settings=\"{&quot;background_background&quot;:&quot;classic&quot;}\">\n\t\t\t\t<div class=\"elementor-element elementor-element-3fac520 elementor-widget elementor-widget-heading\" data-id=\"3fac520\" data-element_type=\"widget\" data-widget_type=\"heading.default\">\n\t\t\t\t<div class=\"elementor-widget-container\">\n\t\t\t\t\t<h1 class=\"elementor-heading-title elementor-size-default\">Materiel ikejime<\/h1>\t\t\t\t<\/div>\n\t\t\t\t<\/div>\n\t\t\t\t<div class=\"elementor-element elementor-element-ec9386b elementor-widget elementor-widget-text-editor\" data-id=\"ec9386b\" data-element_type=\"widget\" data-widget_type=\"text-editor.default\">\n\t\t\t\t<div class=\"elementor-widget-container\">\n\t\t\t\t\t\t\t\t\t<p>Mat\u00e9riel Ikejime : Hookook or release \u2026. Pr\u00e9levez avec respect<br \/>et valorisez vos captures<br \/>avec Hookook<\/p>\t\t\t\t\t\t\t\t<\/div>\n\t\t\t\t<\/div>\n\t\t\t\t<\/div>\n\t\t<div class=\"elementor-element elementor-element-001a8cd e-flex e-con-boxed e-con e-parent\" data-id=\"001a8cd\" data-element_type=\"container\">\n\t\t\t\t\t<div class=\"e-con-inner\">\n\t\t\t\t<div class=\"elementor-element elementor-element-e68e9cd elementor-widget elementor-widget-heading\" data-id=\"e68e9cd\" data-element_type=\"widget\" data-widget_type=\"heading.default\">\n\t\t\t\t<div class=\"elementor-widget-container\">\n\t\t\t\t\t<h1 class=\"elementor-heading-title elementor-size-default\"><h2 class=\"elementor-heading-title elementor-size-default\" style=\"font-family: Spartan, sans-serif;font-weight: 900;font-size: 50px;text-transform: uppercase\">Mat\u00e9riel Ikejime : le Manifeste d'Hookook<\/h2><\/h1>\t\t\t\t<\/div>\n\t\t\t\t<\/div>\n\t\t\t\t<div class=\"elementor-element elementor-element-ecdedc1 elementor-widget elementor-widget-text-editor\" data-id=\"ecdedc1\" data-element_type=\"widget\" data-widget_type=\"text-editor.default\">\n\t\t\t\t<div class=\"elementor-widget-container\">\n\t\t\t\t\t\t\t\t\t<p style=\"overflow-wrap: break-word; margin-top: 0px; margin-bottom: 0.9rem; color: #000000; font-family: Inter, sans-serif; font-size: 20px; font-weight: 600; letter-spacing: 1.8px;\"><span style=\"font-weight: bolder;\"><span lang=\"FR\">Mat\u00e9riel ikejime, choisir Hookook \u2026.. or release<\/span><\/span><\/p><p style=\"overflow-wrap: break-word; margin-top: 0px; margin-bottom: 0.9rem; color: #000000; font-family: Inter, sans-serif; font-size: 20px; font-weight: 600; letter-spacing: 1.8px;\">Hookook\u00a0 est une marque \u00e9cologique et \u00e9thique, associant respect des poissons, lutte contre les souffrances animales, d\u00e9fense de l\u2019environnement, et gastronomie.\u00a0<\/p><p style=\"overflow-wrap: break-word; margin-top: 0px; margin-bottom: 0.9rem; color: #000000; font-family: Inter, sans-serif; font-size: 20px; font-weight: 600; letter-spacing: 1.8px;\">Hookook accompagne le p\u00eacheur et intervient entre la capture et l\u2019assiette, en apportant toutes les solutions th\u00e9oriques et techniques pour limiter la souffrance animale, et amener la qualit\u00e9 de vos prises au niveau ultime.<\/p><p style=\"overflow-wrap: break-word; margin-top: 0px; margin-bottom: 0.9rem; color: #000000; font-family: Inter, sans-serif; font-size: 20px; font-weight: 600; letter-spacing: 1.8px;\">Hookook se donne pour mission de d\u00e9mocratiser la technique Shinkeijime, produire de la formation, fournir tout le mat\u00e9riel n\u00e9cessaire au p\u00eacheur sportif, comme au professionnel de poissonnerie, d\u00e9velopper de bons produits utiles, beaux et bons pour l\u2019environnement. Hookook souhaite apporter a ses clients les garanties les plus longues et larges du march\u00e9. Hookook souhaite \u00e9galement fournir a ses clients de quoi r\u00e9parer leurs outils ikejime si n\u00e9cessaire.<br \/>Pour ce faire Hookook vous propose d\u2019enregistrer vos produits sur ce site, afin d\u2019\u00e9tendre vos garanties \u00e0 cinq ans.<\/p><p style=\"overflow-wrap: break-word; margin-top: 0px; margin-bottom: 0.9rem; color: #000000; font-family: Inter, sans-serif; font-size: 20px; font-weight: 600; letter-spacing: 1.8px;\">Les techniques shinkeijime vous permettent de sublimer vos poissons, de leur \u00e9viter de souffrir, Hookook vous d\u00e9voile les secrets, vous ouvre les portes de la haute gastronomie Japonaise.<\/p><p style=\"overflow-wrap: break-word; margin-top: 0px; margin-bottom: 0.9rem; color: #000000; font-family: Inter, sans-serif; font-size: 20px; font-weight: 600; letter-spacing: 1.8px;\">Hookook est engag\u00e9e dans la protection de l\u2019environnement, en particulier contre la pollution plastique des oc\u00e9ans. Notre marque bannit tout emballage plastique, et n\u2019utilise que des packagings \u00e9cologiques et compostables. Hookook promeut une qualit\u00e9 durable d\u2019outils bien pens\u00e9s, destin\u00e9s \u00e0 \u00eatre souvent utilis\u00e9s sur des bateaux ils sont con\u00e7us flottants, r\u00e9parables et garantis longtemps.<\/p><p style=\"overflow-wrap: break-word; margin-top: 0px; margin-bottom: 0.9rem; color: #000000; font-family: Inter, sans-serif; font-size: 20px; font-weight: 600; letter-spacing: 1.8px;\">Devenez distributeur du mat\u00e9riel ikejime Hookook en Europe contactez\u00a0 :<\/p><p style=\"overflow-wrap: break-word; margin-top: 0px; margin-bottom: 0.9rem; color: #000000; font-family: Inter, sans-serif; font-size: 20px; font-weight: 600; letter-spacing: 1.8px;\"><a href=\"https:\/\/www.rodhouse.fr\/fr\/\">https:\/\/www.rodhouse.fr\/fr\/<\/a><\/p>\t\t\t\t\t\t\t\t<\/div>\n\t\t\t\t<\/div>\n\t\t\t\t<div class=\"elementor-element elementor-element-c8eb918 elementor-widget__width-initial elementor-widget elementor-widget-button\" data-id=\"c8eb918\" data-element_type=\"widget\" data-widget_type=\"button.default\">\n\t\t\t\t<div class=\"elementor-widget-container\">\n\t\t\t\t\t\t\t\t\t<div class=\"elementor-button-wrapper\">\n\t\t\t\t\t<a class=\"elementor-button elementor-button-link elementor-size-sm\" href=\"https:\/\/www.hookook.com\/index.php\/manifeste\/\" target=\"_blank\">\n\t\t\t\t\t\t<span class=\"elementor-button-content-wrapper\">\n\t\t\t\t\t\t\t\t\t<span class=\"elementor-button-text\">D\u00e9couvrir<\/span>\n\t\t\t\t\t<\/span>\n\t\t\t\t\t<\/a>\n\t\t\t\t<\/div>\n\t\t\t\t\t\t\t\t<\/div>\n\t\t\t\t<\/div>\n\t\t\t\t\t<\/div>\n\t\t\t\t<\/div>\n\t\t<div class=\"elementor-element elementor-element-7115364 e-flex e-con-boxed e-con e-parent\" data-id=\"7115364\" data-element_type=\"container\">\n\t\t\t\t\t<div class=\"e-con-inner\">\n\t\t<div class=\"elementor-element elementor-element-b4e6874 e-con-full e-flex e-con e-child\" data-id=\"b4e6874\" data-element_type=\"container\">\n\t\t\t\t<div class=\"elementor-element elementor-element-e2d157a elementor-widget__width-initial elementor-widget elementor-widget-heading\" data-id=\"e2d157a\" data-element_type=\"widget\" data-widget_type=\"heading.default\">\n\t\t\t\t<div class=\"elementor-widget-container\">\n\t\t\t\t\t<h2 class=\"elementor-heading-title elementor-size-default\"><h2 class=\"elementor-heading-title elementor-size-default\" style=\"font-family: Spartan, sans-serif;font-weight: 900;font-size: 50px\">Mat\u00e9riel ikejime- Comment bien pratiquer ikejime<\/h2><\/h2>\t\t\t\t<\/div>\n\t\t\t\t<\/div>\n\t\t\t\t<div class=\"elementor-element elementor-element-a5cf06b elementor-widget elementor-widget-text-editor\" data-id=\"a5cf06b\" data-element_type=\"widget\" data-widget_type=\"text-editor.default\">\n\t\t\t\t<div class=\"elementor-widget-container\">\n\t\t\t\t\t\t\t\t\t<p><span style=\"color: #000000; font-family: Inter, sans-serif; font-size: 20px; font-weight: 600; letter-spacing: 1.8px;\">La pratique de l\u2019Ikejime s\u2019inscrit dans une d\u00e9marche \u00e9thique. Bien r\u00e9alis\u00e9e, elle \u00e9vite une souffrance inutile au poisson et offre une qualit\u00e9 de chair que vous n\u2019aurez jamais go\u00fbt\u00e9e auparavant.<\/span><\/p>\t\t\t\t\t\t\t\t<\/div>\n\t\t\t\t<\/div>\n\t\t\t\t<div class=\"elementor-element elementor-element-f27f412 elementor-widget elementor-widget-button\" data-id=\"f27f412\" data-element_type=\"widget\" data-widget_type=\"button.default\">\n\t\t\t\t<div class=\"elementor-widget-container\">\n\t\t\t\t\t\t\t\t\t<div class=\"elementor-button-wrapper\">\n\t\t\t\t\t<a class=\"elementor-button elementor-button-link elementor-size-sm\" href=\"https:\/\/www.hookook.com\/index.php\/comment-pratiquer\/\">\n\t\t\t\t\t\t<span class=\"elementor-button-content-wrapper\">\n\t\t\t\t\t\t\t\t\t<span class=\"elementor-button-text\">D\u00e9couvrir<\/span>\n\t\t\t\t\t<\/span>\n\t\t\t\t\t<\/a>\n\t\t\t\t<\/div>\n\t\t\t\t\t\t\t\t<\/div>\n\t\t\t\t<\/div>\n\t\t\t\t<\/div>\n\t\t<div class=\"elementor-element elementor-element-91e6dea e-con-full e-flex e-con e-child\" data-id=\"91e6dea\" data-element_type=\"container\">\n\t\t\t\t<div class=\"elementor-element elementor-element-da45e57 elementor-widget__width-initial elementor-widget elementor-widget-image\" data-id=\"da45e57\" data-element_type=\"widget\" data-widget_type=\"image.default\">\n\t\t\t\t<div class=\"elementor-widget-container\">\n\t\t\t\t\t\t\t\t\t\t\t\t\t\t\t<img decoding=\"async\" src=\"https:\/\/www.hookook.com\/wp-content\/uploads\/2025\/06\/307631553_456091469625216_4724553599081053239_n.jpg\" title=\"307631553_456091469625216_4724553599081053239_n\" alt=\"307631553_456091469625216_4724553599081053239_n\" loading=\"lazy\" \/>\t\t\t\t\t\t\t\t\t\t\t\t\t\t\t<\/div>\n\t\t\t\t<\/div>\n\t\t\t\t<\/div>\n\t\t\t\t\t<\/div>\n\t\t\t\t<\/div>\n\t\t<div class=\"elementor-element elementor-element-a595f41 e-flex e-con-boxed e-con e-parent\" data-id=\"a595f41\" data-element_type=\"container\">\n\t\t\t\t\t<div class=\"e-con-inner\">\n\t\t<div class=\"elementor-element elementor-element-1e70290 e-con-full e-flex e-con e-child\" data-id=\"1e70290\" data-element_type=\"container\">\n\t\t\t\t<div class=\"elementor-element elementor-element-193d529 elementor-widget elementor-widget-image\" data-id=\"193d529\" data-element_type=\"widget\" data-widget_type=\"image.default\">\n\t\t\t\t<div class=\"elementor-widget-container\">\n\t\t\t\t\t\t\t\t\t\t\t\t\t\t\t<img fetchpriority=\"high\" decoding=\"async\" width=\"640\" height=\"640\" src=\"https:\/\/www.hookook.com\/wp-content\/uploads\/2025\/06\/melanie-andersen-BzPldTqssWU-unsplash-1.jpg\" class=\"attachment-large size-large wp-image-35\" alt=\"\" srcset=\"https:\/\/www.hookook.com\/wp-content\/uploads\/2025\/06\/melanie-andersen-BzPldTqssWU-unsplash-1.jpg 640w, https:\/\/www.hookook.com\/wp-content\/uploads\/2025\/06\/melanie-andersen-BzPldTqssWU-unsplash-1-300x300.jpg 300w, https:\/\/www.hookook.com\/wp-content\/uploads\/2025\/06\/melanie-andersen-BzPldTqssWU-unsplash-1-100x100.jpg 100w, https:\/\/www.hookook.com\/wp-content\/uploads\/2025\/06\/melanie-andersen-BzPldTqssWU-unsplash-1-600x600.jpg 600w, https:\/\/www.hookook.com\/wp-content\/uploads\/2025\/06\/melanie-andersen-BzPldTqssWU-unsplash-1-150x150.jpg 150w\" sizes=\"(max-width: 640px) 100vw, 640px\" \/>\t\t\t\t\t\t\t\t\t\t\t\t\t\t\t<\/div>\n\t\t\t\t<\/div>\n\t\t\t\t<\/div>\n\t\t<div class=\"elementor-element elementor-element-3738d11 e-con-full e-flex e-con e-child\" data-id=\"3738d11\" data-element_type=\"container\">\n\t\t\t\t<div class=\"elementor-element elementor-element-dbab2e9 elementor-widget elementor-widget-heading\" data-id=\"dbab2e9\" data-element_type=\"widget\" data-widget_type=\"heading.default\">\n\t\t\t\t<div class=\"elementor-widget-container\">\n\t\t\t\t\t<h2 class=\"elementor-heading-title elementor-size-default\"><h2 class=\"elementor-heading-title elementor-size-default\" style=\"font-family: Spartan, sans-serif;font-weight: 900;font-size: 50px\">Sublimez vos poissons en Cuisine.<\/h2><\/h2>\t\t\t\t<\/div>\n\t\t\t\t<\/div>\n\t\t\t\t<div class=\"elementor-element elementor-element-971199b elementor-widget elementor-widget-text-editor\" data-id=\"971199b\" data-element_type=\"widget\" data-widget_type=\"text-editor.default\">\n\t\t\t\t<div class=\"elementor-widget-container\">\n\t\t\t\t\t\t\t\t\t<p><span style=\"color: #000000; font-family: Inter, sans-serif; font-size: 20px; font-weight: 600; letter-spacing: 1.8px;\">Apprenez \u00e0 maturer la chair de vos poissons, et vous profiterez de l\u2019incroyable qualit\u00e9 gustative qu\u2019offre la m\u00e9thode Ikejime dans toutes vos d\u00e9gustations.<\/span><\/p>\t\t\t\t\t\t\t\t<\/div>\n\t\t\t\t<\/div>\n\t\t\t\t<div class=\"elementor-element elementor-element-5060b7a elementor-widget elementor-widget-button\" data-id=\"5060b7a\" data-element_type=\"widget\" data-widget_type=\"button.default\">\n\t\t\t\t<div class=\"elementor-widget-container\">\n\t\t\t\t\t\t\t\t\t<div class=\"elementor-button-wrapper\">\n\t\t\t\t\t<a class=\"elementor-button elementor-button-link elementor-size-sm\" href=\"https:\/\/www.hookook.com\/index.php\/maturation\/\">\n\t\t\t\t\t\t<span class=\"elementor-button-content-wrapper\">\n\t\t\t\t\t\t\t\t\t<span class=\"elementor-button-text\">D\u00e9couvrir<\/span>\n\t\t\t\t\t<\/span>\n\t\t\t\t\t<\/a>\n\t\t\t\t<\/div>\n\t\t\t\t\t\t\t\t<\/div>\n\t\t\t\t<\/div>\n\t\t\t\t<\/div>\n\t\t\t\t\t<\/div>\n\t\t\t\t<\/div>\n\t\t<div class=\"elementor-element elementor-element-ee311d4 e-flex e-con-boxed e-con e-parent\" data-id=\"ee311d4\" data-element_type=\"container\">\n\t\t\t\t\t<div class=\"e-con-inner\">\n\t\t<div class=\"elementor-element elementor-element-bc0e852 e-con-full e-flex e-con e-child\" data-id=\"bc0e852\" data-element_type=\"container\">\n\t\t\t\t<div class=\"elementor-element elementor-element-7a7132f elementor-widget elementor-widget-heading\" data-id=\"7a7132f\" data-element_type=\"widget\" data-widget_type=\"heading.default\">\n\t\t\t\t<div class=\"elementor-widget-container\">\n\t\t\t\t\t<h2 class=\"elementor-heading-title elementor-size-default\"><h2 class=\"elementor-heading-title elementor-size-default\" style=\"font-family: Spartan, sans-serif;font-weight: 900;font-size: 50px\">Nos produits<\/h2><\/h2>\t\t\t\t<\/div>\n\t\t\t\t<\/div>\n\t\t\t\t<div class=\"elementor-element elementor-element-5d34aa1 elementor-widget elementor-widget-text-editor\" data-id=\"5d34aa1\" data-element_type=\"widget\" data-widget_type=\"text-editor.default\">\n\t\t\t\t<div class=\"elementor-widget-container\">\n\t\t\t\t\t\t\t\t\t<p><span style=\"color: #000000; font-family: Inter, sans-serif; font-size: 20px; font-weight: 600; letter-spacing: 1.8px;\">La gamme de produits Hookook permet une maitrise compl\u00e8te de la m\u00e9thode Ikejime. Nos produits de qualit\u00e9 vous suivront sur de nombreuses saisons sur et au bord de l\u2019eau.\u00a0<\/span><\/p>\t\t\t\t\t\t\t\t<\/div>\n\t\t\t\t<\/div>\n\t\t\t\t<div class=\"elementor-element elementor-element-85962f4 elementor-widget elementor-widget-button\" data-id=\"85962f4\" data-element_type=\"widget\" data-widget_type=\"button.default\">\n\t\t\t\t<div class=\"elementor-widget-container\">\n\t\t\t\t\t\t\t\t\t<div class=\"elementor-button-wrapper\">\n\t\t\t\t\t<a class=\"elementor-button elementor-button-link elementor-size-sm\" href=\"#\">\n\t\t\t\t\t\t<span class=\"elementor-button-content-wrapper\">\n\t\t\t\t\t\t\t\t\t<span class=\"elementor-button-text\">D\u00e9couvrir<\/span>\n\t\t\t\t\t<\/span>\n\t\t\t\t\t<\/a>\n\t\t\t\t<\/div>\n\t\t\t\t\t\t\t\t<\/div>\n\t\t\t\t<\/div>\n\t\t\t\t<\/div>\n\t\t<div class=\"elementor-element elementor-element-612dd86 e-con-full e-flex e-con e-child\" data-id=\"612dd86\" data-element_type=\"container\">\n\t\t\t\t<div class=\"elementor-element elementor-element-0017562 elementor-widget__width-initial elementor-widget elementor-widget-image\" data-id=\"0017562\" data-element_type=\"widget\" data-widget_type=\"image.default\">\n\t\t\t\t<div class=\"elementor-widget-container\">\n\t\t\t\t\t\t\t\t\t\t\t\t\t\t\t<img decoding=\"async\" width=\"800\" height=\"800\" src=\"https:\/\/www.hookook.com\/wp-content\/uploads\/2025\/06\/230040060_268404828065809_5939114745912653273_n-1024x1024.jpg\" class=\"attachment-large size-large wp-image-19\" alt=\"\" srcset=\"https:\/\/www.hookook.com\/wp-content\/uploads\/2025\/06\/230040060_268404828065809_5939114745912653273_n-1024x1024.jpg 1024w, https:\/\/www.hookook.com\/wp-content\/uploads\/2025\/06\/230040060_268404828065809_5939114745912653273_n-300x300.jpg 300w, https:\/\/www.hookook.com\/wp-content\/uploads\/2025\/06\/230040060_268404828065809_5939114745912653273_n-100x100.jpg 100w, https:\/\/www.hookook.com\/wp-content\/uploads\/2025\/06\/230040060_268404828065809_5939114745912653273_n-600x600.jpg 600w, https:\/\/www.hookook.com\/wp-content\/uploads\/2025\/06\/230040060_268404828065809_5939114745912653273_n-150x150.jpg 150w, https:\/\/www.hookook.com\/wp-content\/uploads\/2025\/06\/230040060_268404828065809_5939114745912653273_n-768x768.jpg 768w, https:\/\/www.hookook.com\/wp-content\/uploads\/2025\/06\/230040060_268404828065809_5939114745912653273_n.jpg 1440w\" sizes=\"(max-width: 800px) 100vw, 800px\" \/>\t\t\t\t\t\t\t\t\t\t\t\t\t\t\t<\/div>\n\t\t\t\t<\/div>\n\t\t\t\t<\/div>\n\t\t\t\t\t<\/div>\n\t\t\t\t<\/div>\n\t\t\t\t<\/div>\n\t\t","protected":false},"excerpt":{"rendered":"<p>Materiel ikejime Mat\u00e9riel Ikejime : Hookook or release \u2026. Pr\u00e9levez avec respectet valorisez vos capturesavec Hookook Mat\u00e9riel Ikejime : le Manifeste d&#8217;Hookook Mat\u00e9riel ikejime, choisir Hookook \u2026.. or release Hookook\u00a0 est une marque \u00e9cologique et \u00e9thique, associant respect des poissons, lutte contre les souffrances animales, d\u00e9fense de l\u2019environnement, et gastronomie.\u00a0 Hookook accompagne le p\u00eacheur et [&hellip;]<\/p>\n","protected":false},"author":2,"featured_media":0,"parent":0,"menu_order":0,"comment_status":"closed","ping_status":"closed","template":"","meta":{"footnotes":""},"class_list":["post-22","page","type-page","status-publish","hentry"],"jetpack_sharing_enabled":true,"_links":{"self":[{"href":"https:\/\/www.hookook.com\/index.php\/wp-json\/wp\/v2\/pages\/22","targetHints":{"allow":["GET"]}}],"collection":[{"href":"https:\/\/www.hookook.com\/index.php\/wp-json\/wp\/v2\/pages"}],"about":[{"href":"https:\/\/www.hookook.com\/index.php\/wp-json\/wp\/v2\/types\/page"}],"author":[{"embeddable":true,"href":"https:\/\/www.hookook.com\/index.php\/wp-json\/wp\/v2\/users\/2"}],"replies":[{"embeddable":true,"href":"https:\/\/www.hookook.com\/index.php\/wp-json\/wp\/v2\/comments?post=22"}],"version-history":[{"count":21,"href":"https:\/\/www.hookook.com\/index.php\/wp-json\/wp\/v2\/pages\/22\/revisions"}],"predecessor-version":[{"id":158,"href":"https:\/\/www.hookook.com\/index.php\/wp-json\/wp\/v2\/pages\/22\/revisions\/158"}],"wp:attachment":[{"href":"https:\/\/www.hookook.com\/index.php\/wp-json\/wp\/v2\/media?parent=22"}],"curies":[{"name":"wp","href":"https:\/\/api.w.org\/{rel}","templated":true}]}}